{"id":11,"date":"2019-03-26T13:09:52","date_gmt":"2019-03-26T13:09:52","guid":{"rendered":"http:\/\/localhost\/nationalcar\/?page_id=11"},"modified":"2025-03-13T13:05:40","modified_gmt":"2025-03-13T13:05:40","slug":"inicio","status":"publish","type":"page","link":"https:\/\/sava.do\/es\/","title":{"rendered":"Inicio"},"content":{"rendered":"<p><\/p>\n<h3>\u00bfBuscas casarte entre hermosos jardines, tener el descanso que mereces o disfrutar de una gran experiencia gastron\u00f3mica?<\/h3>\n<p>Somos un hotel boutique y restaurant ubicado en Salinas, Ban\u00ed, Rep\u00fablica Dominicana. La vista a la bah\u00eda desde sus jardines y hermosas villas de hospedaje es de admirar, cuenta con un dise\u00f1o ecl\u00e9ctico en sus espacios para eventos. Somos un destino para bodas sin igual, hermosamente ornamentado en el sur cercano situado frente a la Bah\u00eda de Las Calderas con una vista incre\u00edble a las monta\u00f1as. Nuestro restaurant ofrece deliciosos platos en combinaci\u00f3n con un paisaje relajante que te har\u00e1n sentir en un lugar verdaderamente acogedor.<\/p>","protected":false},"excerpt":{"rendered":"<p>\u00bfBuscas casarte entre hermosos jardines, tener el descanso que mereces o disfrutar de una gran experiencia gastron\u00f3mica? Somos un hotel boutique y restaurant ubicado en Salinas, Ban\u00ed, Rep\u00fablica Dominicana. La vista a [&hellip;]<\/p>\n","protected":false},"author":1,"featured_media":509,"parent":0,"menu_order":0,"comment_status":"closed","ping_status":"closed","template":"","meta":{"footnotes":""},"class_list":["post-11","page","type-page","status-publish","has-post-thumbnail","hentry"],"acf":[],"_links":{"self":[{"href":"https:\/\/sava.do\/es\/wp-json\/wp\/v2\/pages\/11","targetHints":{"allow":["GET"]}}],"collection":[{"href":"https:\/\/sava.do\/es\/wp-json\/wp\/v2\/pages"}],"about":[{"href":"https:\/\/sava.do\/es\/wp-json\/wp\/v2\/types\/page"}],"author":[{"embeddable":true,"href":"https:\/\/sava.do\/es\/wp-json\/wp\/v2\/users\/1"}],"replies":[{"embeddable":true,"href":"https:\/\/sava.do\/es\/wp-json\/wp\/v2\/comments?post=11"}],"version-history":[{"count":28,"href":"https:\/\/sava.do\/es\/wp-json\/wp\/v2\/pages\/11\/revisions"}],"predecessor-version":[{"id":1076,"href":"https:\/\/sava.do\/es\/wp-json\/wp\/v2\/pages\/11\/revisions\/1076"}],"wp:featuredmedia":[{"embeddable":true,"href":"https:\/\/sava.do\/es\/wp-json\/wp\/v2\/media\/509"}],"wp:attachment":[{"href":"https:\/\/sava.do\/es\/wp-json\/wp\/v2\/media?parent=11"}],"curies":[{"name":"wp","href":"https:\/\/api.w.org\/{rel}","templated":true}]}}