{"id":182,"date":"2019-11-26T08:47:56","date_gmt":"2019-11-26T08:47:56","guid":{"rendered":"http:\/\/localhost\/army\/?page_id=182"},"modified":"2024-05-14T21:34:28","modified_gmt":"2024-05-14T21:34:28","slug":"sobre-nosotros","status":"publish","type":"page","link":"https:\/\/sava.do\/es\/sobre-nosotros\/","title":{"rendered":"Sobre Nosotros"},"content":{"rendered":"<p><\/p>\n<div class=\"cborde\">Ofrecemos c\u00f3modas villas ubicadas en una regi\u00f3n des\u00e9rtica de la bah\u00eda tropical. Sava lo tiene todo: vistas ex\u00f3ticas, dunas, sol y exuberantes jardines en combinaci\u00f3n con monta\u00f1as, bah\u00eda y armon\u00eda. Nuestra ubicaci\u00f3n crea un paisaje relajante y exclusivo que har\u00e1 que todos los hu\u00e9spedes se sientan en un lugar verdaderamente \u00fanico y acogedor. Sava Salinas no es el refugio t\u00edpico de una villa, sino lo que est\u00e1 destinado a ser la pr\u00f3xima ubicaci\u00f3n privilegiada en la Rep\u00fablica Dominicana justo en frente de las \u00fanicas dunas de arena de la regi\u00f3n.<\/div>\n<p>&nbsp;<\/p>\n<h4><strong>Detalles del hotel<\/strong><\/h4>\n<p>Este hotel, que ofrece vistas al mar Caribe, se encuentra junto a la carretera M\u00e1ximo G\u00f3mez, frente a las dunas de Ban\u00ed y a 3 km de la playa El Derrumbao.<\/p>\n<p>Las villas son funcionales y cuentan con suelo de baldosas, mobiliario de madera oscura o techo revestido de madera, televisi\u00f3n de pantalla plana, ventilador de techo, ba\u00f1o, mininevera y terraza con ba\u00f1era de hidromasaje.<\/p>\n<p>El hotel dispone de jard\u00edn tropical, piscina exterior, ba\u00f1era de hidromasaje al aire libre, espacio para eventos y aparcamiento.<\/p>","protected":false},"excerpt":{"rendered":"<p>Ofrecemos c\u00f3modas villas ubicadas en una regi\u00f3n des\u00e9rtica de la bah\u00eda tropical. Sava lo tiene todo: vistas ex\u00f3ticas, dunas, sol y exuberantes jardines en combinaci\u00f3n con monta\u00f1as, bah\u00eda y armon\u00eda. Nuestra ubicaci\u00f3n [&hellip;]<\/p>\n","protected":false},"author":1,"featured_media":437,"parent":0,"menu_order":0,"comment_status":"closed","ping_status":"closed","template":"","meta":{"footnotes":""},"class_list":["post-182","page","type-page","status-publish","has-post-thumbnail","hentry"],"acf":[],"_links":{"self":[{"href":"https:\/\/sava.do\/es\/wp-json\/wp\/v2\/pages\/182","targetHints":{"allow":["GET"]}}],"collection":[{"href":"https:\/\/sava.do\/es\/wp-json\/wp\/v2\/pages"}],"about":[{"href":"https:\/\/sava.do\/es\/wp-json\/wp\/v2\/types\/page"}],"author":[{"embeddable":true,"href":"https:\/\/sava.do\/es\/wp-json\/wp\/v2\/users\/1"}],"replies":[{"embeddable":true,"href":"https:\/\/sava.do\/es\/wp-json\/wp\/v2\/comments?post=182"}],"version-history":[{"count":16,"href":"https:\/\/sava.do\/es\/wp-json\/wp\/v2\/pages\/182\/revisions"}],"predecessor-version":[{"id":1055,"href":"https:\/\/sava.do\/es\/wp-json\/wp\/v2\/pages\/182\/revisions\/1055"}],"wp:featuredmedia":[{"embeddable":true,"href":"https:\/\/sava.do\/es\/wp-json\/wp\/v2\/media\/437"}],"wp:attachment":[{"href":"https:\/\/sava.do\/es\/wp-json\/wp\/v2\/media?parent=182"}],"curies":[{"name":"wp","href":"https:\/\/api.w.org\/{rel}","templated":true}]}}