{"id":449,"date":"2020-11-19T11:30:47","date_gmt":"2020-11-19T11:30:47","guid":{"rendered":"http:\/\/localhost\/sava\/?page_id=449"},"modified":"2024-01-11T13:40:12","modified_gmt":"2024-01-11T13:40:12","slug":"areas-ceremoniales","status":"publish","type":"page","link":"https:\/\/sava.do\/es\/areas-ceremoniales\/","title":{"rendered":"Areas de Ceremonia"},"content":{"rendered":"<p><\/p>\n<ul>\n<li>Areas de ceremonia<\/li>\n<li>Espacio al aire libre cubierto<\/li>\n<li>Vestidor incluido<\/li>\n<li>Alojamiento en el lugar<\/li>\n<li>Espacio exterior para eventos<\/li>\n<li>\u00c1rea de recepci\u00f3n<\/li>\n<li>Internet inal\u00e1mbrico<\/li>\n<li>Capacidad para hasta 180 invitados<\/li>\n<\/ul>\n<p><\/p>","protected":false},"excerpt":{"rendered":"<p>Areas de ceremonia Espacio al aire libre cubierto Vestidor incluido Alojamiento en el lugar Espacio exterior para eventos \u00c1rea de recepci\u00f3n Internet inal\u00e1mbrico Capacidad para hasta 180 invitados<\/p>\n","protected":false},"author":1,"featured_media":0,"parent":0,"menu_order":0,"comment_status":"closed","ping_status":"closed","template":"","meta":{"footnotes":""},"class_list":["post-449","page","type-page","status-publish","hentry"],"acf":[],"_links":{"self":[{"href":"https:\/\/sava.do\/es\/wp-json\/wp\/v2\/pages\/449","targetHints":{"allow":["GET"]}}],"collection":[{"href":"https:\/\/sava.do\/es\/wp-json\/wp\/v2\/pages"}],"about":[{"href":"https:\/\/sava.do\/es\/wp-json\/wp\/v2\/types\/page"}],"author":[{"embeddable":true,"href":"https:\/\/sava.do\/es\/wp-json\/wp\/v2\/users\/1"}],"replies":[{"embeddable":true,"href":"https:\/\/sava.do\/es\/wp-json\/wp\/v2\/comments?post=449"}],"version-history":[{"count":17,"href":"https:\/\/sava.do\/es\/wp-json\/wp\/v2\/pages\/449\/revisions"}],"predecessor-version":[{"id":1038,"href":"https:\/\/sava.do\/es\/wp-json\/wp\/v2\/pages\/449\/revisions\/1038"}],"wp:attachment":[{"href":"https:\/\/sava.do\/es\/wp-json\/wp\/v2\/media?parent=449"}],"curies":[{"name":"wp","href":"https:\/\/api.w.org\/{rel}","templated":true}]}}